{"id":6014,"date":"2025-11-27T11:52:10","date_gmt":"2025-11-27T11:52:10","guid":{"rendered":"https:\/\/aperegina-new.zello.hu\/kapcsolat\/"},"modified":"2026-03-27T11:17:44","modified_gmt":"2026-03-27T11:17:44","slug":"contact","status":"publish","type":"page","link":"https:\/\/aperegina.hu\/el\/contact\/","title":{"rendered":"Contact"},"content":{"rendered":"<section class=\"bde-section-6014-100 bde-section\">\n  \n  \n\t\n\n\n\n<div class=\"section-container\"><div class=\"bde-columns-6014-101 bde-columns\"><div class=\"bde-column-6014-102 bde-column\">\n  \n  \n\t\n\n\n\n<a id=\"contact_ar_cim-en\" class=\"bde-container-link-6014-126 bde-container-link breakdance-link\" href=\"https:\/\/www.google.com\/maps\/place\/Ape+Regina+Italian+Restaurant\/@47.5086281,19.0523612,17z\/data=!3m1!4b1!4m6!3m5!1s0x4741dc0d53fccb3d:0xaf0ce3d58545831b!8m2!3d47.5086246!4d19.0572321!16s%2Fg%2F11cjj1d36v?entry=ttu&amp;g_ep=EgoyMDI1MDEyNi4wIKXMDSoASAFQAw%3D%3D\" target=\"_self\" data-type=\"url\">\n  \n  \n\t\n\n\n\n<div class=\"bde-icon-box-6014-106 bde-icon-box\">\n\n    \n            <div class=\"ee-iconbox-icon breakdance-icon-atom\" >\n    \n                    <svg xmlns=\"http:\/\/www.w3.org\/2000\/svg\" id=\"icon-location\" viewBox=\"0 0 32 32\">\n<path d=\"M16 0c-5.523 0-10 4.477-10 10 0 10 10 22 10 22s10-12 10-22c0-5.523-4.477-10-10-10zM16 16c-3.314 0-6-2.686-6-6s2.686-6 6-6 6 2.686 6 6-2.686 6-6 6z\"\/>\n<\/svg>\n        \n        \n        \n            <\/div>\n    \n\n<div class=\"ee-iconbox-content\">\n      <p class=\"ee-iconbox-title bde-h3\" >Restaurant<\/p>\n        <div class=\"ee-iconbox-text\" >1065 Budapest, Podmaniczky u. 18. fsz. (Podmaniczky \u2013 J\u00f3kai utca sarka) <\/div>\n    <\/div>\n\n<\/div>\n\n<\/a>\n<\/div><div class=\"bde-column-6014-103 bde-column\">\n  \n  \n\t\n\n\n\n<div class=\"bde-icon-box-6014-107 bde-icon-box\">\n\n    \n            <div class=\"ee-iconbox-icon breakdance-icon-atom\" >\n    \n                    <svg xmlns=\"http:\/\/www.w3.org\/2000\/svg\" viewBox=\"0 0 512 512\"><!--! Font Awesome Free 6.5.1 by @fontawesome - https:\/\/fontawesome.com License - https:\/\/fontawesome.com\/license\/free (Icons: CC BY 4.0, Fonts: SIL OFL 1.1, Code: MIT License) Copyright 2023 Fonticons, Inc. --><path d=\"M256 0a256 256 0 1 1 0 512A256 256 0 1 1 256 0zM232 120V256c0 8 4 15.5 10.7 20l96 64c11 7.4 25.9 4.4 33.3-6.7s4.4-25.9-6.7-33.3L280 243.2V120c0-13.3-10.7-24-24-24s-24 10.7-24 24z\"\/><\/svg>\n        \n        \n        \n            <\/div>\n    \n\n<div class=\"ee-iconbox-content\">\n      <p class=\"ee-iconbox-title bde-h3\" >Opening hours<\/p>\n        <div class=\"ee-iconbox-text\" >Monday - Sunday<\/br>12:00 - 24:00<\/br><\/br>Kitchen opening hours<\/br>12:00 - 23:00<\/br><\/br><span style=\"font-size: 15px;\">Our kitchen takes last orders until 22:45.<\/div>\n    <\/div>\n\n<\/div>\n<\/div><div class=\"bde-column-6014-104 bde-column\">\n  \n  \n\t\n\n\n\n<a id=\"contact_ar_tel-en\" class=\"bde-container-link-6014-127 bde-container-link breakdance-link\" href=\"tel:+36 30 779 7545\" target=\"_self\" data-type=\"url\">\n  \n  \n\t\n\n\n\n<div class=\"bde-icon-box-6014-108 bde-icon-box\">\n\n    \n            <div class=\"ee-iconbox-icon breakdance-icon-atom\" >\n    \n                    <svg xmlns=\"http:\/\/www.w3.org\/2000\/svg\" viewBox=\"0 0 512 512\"><!--! Font Awesome Free 6.5.1 by @fontawesome - https:\/\/fontawesome.com License - https:\/\/fontawesome.com\/license\/free (Icons: CC BY 4.0, Fonts: SIL OFL 1.1, Code: MIT License) Copyright 2023 Fonticons, Inc. --><path d=\"M347.1 24.6c7.7-18.6 28-28.5 47.4-23.2l88 24C499.9 30.2 512 46 512 64c0 247.4-200.6 448-448 448c-18 0-33.8-12.1-38.6-29.5l-24-88c-5.3-19.4 4.6-39.7 23.2-47.4l96-40c16.3-6.8 35.2-2.1 46.3 11.6L207.3 368c70.4-33.3 127.4-90.3 160.7-160.7L318.7 167c-13.7-11.2-18.4-30-11.6-46.3l40-96z\"\/><\/svg>\n        \n        \n        \n            <\/div>\n    \n\n<div class=\"ee-iconbox-content\">\n      <p class=\"ee-iconbox-title bde-h3\" >Telephone<\/p>\n        <div class=\"ee-iconbox-text\" >+36 30 779 7545<\/div>\n    <\/div>\n\n<\/div>\n\n<\/a>\n<\/div><div class=\"bde-column-6014-105 bde-column\">\n  \n  \n\t\n\n\n\n<a id=\"contact_ar_email-en\" class=\"bde-container-link-6014-128 bde-container-link breakdance-link\" href=\"mailto:info@aperegina.hu\" target=\"_self\" data-type=\"url\">\n  \n  \n\t\n\n\n\n<div class=\"bde-icon-box-6014-109 bde-icon-box\">\n\n    \n            <div class=\"ee-iconbox-icon breakdance-icon-atom\" >\n    \n                    <svg xmlns=\"http:\/\/www.w3.org\/2000\/svg\" viewBox=\"0 0 512 512\"><!--! Font Awesome Free 6.5.1 by @fontawesome - https:\/\/fontawesome.com License - https:\/\/fontawesome.com\/license\/free (Icons: CC BY 4.0, Fonts: SIL OFL 1.1, Code: MIT License) Copyright 2023 Fonticons, Inc. --><path d=\"M48 64C21.5 64 0 85.5 0 112c0 15.1 7.1 29.3 19.2 38.4L236.8 313.6c11.4 8.5 27 8.5 38.4 0L492.8 150.4c12.1-9.1 19.2-23.3 19.2-38.4c0-26.5-21.5-48-48-48H48zM0 176V384c0 35.3 28.7 64 64 64H448c35.3 0 64-28.7 64-64V176L294.4 339.2c-22.8 17.1-54 17.1-76.8 0L0 176z\"\/><\/svg>\n        \n        \n        \n            <\/div>\n    \n\n<div class=\"ee-iconbox-content\">\n      <p class=\"ee-iconbox-title bde-h3\" >Online<\/p>\n        <div class=\"ee-iconbox-text\" >info@aperegina.hu<\/div>\n    <\/div>\n\n<\/div>\n\n<\/a>\n<\/div><\/div><\/div>\n<\/section><section class=\"bde-section-6014-111 bde-section\">\n  \n  \n\t\n\n\n\n<div class=\"section-container\"><div class=\"bde-gallery-6014-110 bde-gallery\">\n\n\n  \n\n\n\n  \n\n\n\n  \n\n  <div class=\"ee-gallery-swiper breakdance-swiper-wrapper\" data-swiper-id=\"110\">\n    <div class=\"swiper\">\n\n<div class=\"ee-gallery ee-gallery--gallery-slider ee-gallery--slider ee-gallery--single ee-gallery--lightbox ee-gallery-- ee-gallery--caption- ee-gallery--caption-fade ee-gallery--ratio swiper-wrapper\">\n                  \n      <a class=\"ee-gallery-item ee-gallery-item--image ee-gallery-item--single swiper-slide\" href=\"https:\/\/aperegina.hu\/wp-content\/uploads\/2025\/11\/Ape-Regina_G07.jpg\"  data-sub-html=\"<span><\/span>\" data-category=\"1\"                  data-lg-size=\"800-800\"\n\n      >\n        <figure class=\"ee-gallery-item-figure\">\n                        <img loading=\"lazy\" decoding=\"async\" class=\"breakdance-image-object\" src=\"https:\/\/aperegina.hu\/wp-content\/uploads\/2025\/11\/Ape-Regina_G07.jpg\" width=\"800\" height=\"800\" srcset=\"https:\/\/aperegina.hu\/wp-content\/uploads\/2025\/11\/Ape-Regina_G07.jpg 800w, https:\/\/aperegina.hu\/wp-content\/uploads\/2025\/11\/Ape-Regina_G07-300x300.jpg 300w, https:\/\/aperegina.hu\/wp-content\/uploads\/2025\/11\/Ape-Regina_G07-150x150.jpg 150w, https:\/\/aperegina.hu\/wp-content\/uploads\/2025\/11\/Ape-Regina_G07-768x768.jpg 768w\" sizes=\"auto, (max-width: 800px) 100vw, 800px\">\n          \n                  <\/figure>\n      <\/a>\n\n                \n      <a class=\"ee-gallery-item ee-gallery-item--image ee-gallery-item--single swiper-slide\" href=\"https:\/\/aperegina.hu\/wp-content\/uploads\/2025\/11\/Ape-Regina_G02.jpg\"  data-sub-html=\"<span><\/span>\" data-category=\"1\"                  data-lg-size=\"800-800\"\n\n      >\n        <figure class=\"ee-gallery-item-figure\">\n                        <img loading=\"lazy\" decoding=\"async\" class=\"breakdance-image-object\" src=\"https:\/\/aperegina.hu\/wp-content\/uploads\/2025\/11\/Ape-Regina_G02.jpg\" width=\"800\" height=\"800\" srcset=\"https:\/\/aperegina.hu\/wp-content\/uploads\/2025\/11\/Ape-Regina_G02.jpg 800w, https:\/\/aperegina.hu\/wp-content\/uploads\/2025\/11\/Ape-Regina_G02-300x300.jpg 300w, https:\/\/aperegina.hu\/wp-content\/uploads\/2025\/11\/Ape-Regina_G02-150x150.jpg 150w, https:\/\/aperegina.hu\/wp-content\/uploads\/2025\/11\/Ape-Regina_G02-768x768.jpg 768w\" sizes=\"auto, (max-width: 800px) 100vw, 800px\">\n          \n                  <\/figure>\n      <\/a>\n\n                \n      <a class=\"ee-gallery-item ee-gallery-item--image ee-gallery-item--single swiper-slide\" href=\"https:\/\/aperegina.hu\/wp-content\/uploads\/2025\/11\/Ape-Regina_G05.jpg\"  data-sub-html=\"<span><\/span>\" data-category=\"1\"                  data-lg-size=\"800-800\"\n\n      >\n        <figure class=\"ee-gallery-item-figure\">\n                        <img loading=\"lazy\" decoding=\"async\" class=\"breakdance-image-object\" src=\"https:\/\/aperegina.hu\/wp-content\/uploads\/2025\/11\/Ape-Regina_G05.jpg\" width=\"800\" height=\"800\" srcset=\"https:\/\/aperegina.hu\/wp-content\/uploads\/2025\/11\/Ape-Regina_G05.jpg 800w, https:\/\/aperegina.hu\/wp-content\/uploads\/2025\/11\/Ape-Regina_G05-300x300.jpg 300w, https:\/\/aperegina.hu\/wp-content\/uploads\/2025\/11\/Ape-Regina_G05-150x150.jpg 150w, https:\/\/aperegina.hu\/wp-content\/uploads\/2025\/11\/Ape-Regina_G05-768x768.jpg 768w\" sizes=\"auto, (max-width: 800px) 100vw, 800px\">\n          \n                  <\/figure>\n      <\/a>\n\n                \n      <a class=\"ee-gallery-item ee-gallery-item--image ee-gallery-item--single swiper-slide\" href=\"https:\/\/aperegina.hu\/wp-content\/uploads\/2025\/11\/Ape-Regina_G08.jpg\"  data-sub-html=\"<span><\/span>\" data-category=\"1\"                  data-lg-size=\"800-800\"\n\n      >\n        <figure class=\"ee-gallery-item-figure\">\n                        <img loading=\"lazy\" decoding=\"async\" class=\"breakdance-image-object\" src=\"https:\/\/aperegina.hu\/wp-content\/uploads\/2025\/11\/Ape-Regina_G08.jpg\" width=\"800\" height=\"800\" srcset=\"https:\/\/aperegina.hu\/wp-content\/uploads\/2025\/11\/Ape-Regina_G08.jpg 800w, https:\/\/aperegina.hu\/wp-content\/uploads\/2025\/11\/Ape-Regina_G08-300x300.jpg 300w, https:\/\/aperegina.hu\/wp-content\/uploads\/2025\/11\/Ape-Regina_G08-150x150.jpg 150w, https:\/\/aperegina.hu\/wp-content\/uploads\/2025\/11\/Ape-Regina_G08-768x768.jpg 768w\" sizes=\"auto, (max-width: 800px) 100vw, 800px\">\n          \n                  <\/figure>\n      <\/a>\n\n                \n      <a class=\"ee-gallery-item ee-gallery-item--image ee-gallery-item--single swiper-slide\" href=\"https:\/\/aperegina.hu\/wp-content\/uploads\/2025\/11\/Ape-Regina_G06-1.jpg\"  data-sub-html=\"<span><\/span>\" data-category=\"1\"                  data-lg-size=\"800-800\"\n\n      >\n        <figure class=\"ee-gallery-item-figure\">\n                        <img loading=\"lazy\" decoding=\"async\" class=\"breakdance-image-object\" src=\"https:\/\/aperegina.hu\/wp-content\/uploads\/2025\/11\/Ape-Regina_G06-1.jpg\" width=\"800\" height=\"800\" srcset=\"https:\/\/aperegina.hu\/wp-content\/uploads\/2025\/11\/Ape-Regina_G06-1.jpg 800w, https:\/\/aperegina.hu\/wp-content\/uploads\/2025\/11\/Ape-Regina_G06-1-300x300.jpg 300w, https:\/\/aperegina.hu\/wp-content\/uploads\/2025\/11\/Ape-Regina_G06-1-150x150.jpg 150w, https:\/\/aperegina.hu\/wp-content\/uploads\/2025\/11\/Ape-Regina_G06-1-768x768.jpg 768w\" sizes=\"auto, (max-width: 800px) 100vw, 800px\">\n          \n                  <\/figure>\n      <\/a>\n\n                \n      <a class=\"ee-gallery-item ee-gallery-item--image ee-gallery-item--single swiper-slide\" href=\"https:\/\/aperegina.hu\/wp-content\/uploads\/2025\/11\/Ape-Regina_G03.jpg\"  data-sub-html=\"<span><\/span>\" data-category=\"1\"                  data-lg-size=\"800-800\"\n\n      >\n        <figure class=\"ee-gallery-item-figure\">\n                        <img loading=\"lazy\" decoding=\"async\" class=\"breakdance-image-object\" src=\"https:\/\/aperegina.hu\/wp-content\/uploads\/2025\/11\/Ape-Regina_G03.jpg\" width=\"800\" height=\"800\" srcset=\"https:\/\/aperegina.hu\/wp-content\/uploads\/2025\/11\/Ape-Regina_G03.jpg 800w, https:\/\/aperegina.hu\/wp-content\/uploads\/2025\/11\/Ape-Regina_G03-300x300.jpg 300w, https:\/\/aperegina.hu\/wp-content\/uploads\/2025\/11\/Ape-Regina_G03-150x150.jpg 150w, https:\/\/aperegina.hu\/wp-content\/uploads\/2025\/11\/Ape-Regina_G03-768x768.jpg 768w\" sizes=\"auto, (max-width: 800px) 100vw, 800px\">\n          \n                  <\/figure>\n      <\/a>\n\n                \n      <a class=\"ee-gallery-item ee-gallery-item--image ee-gallery-item--single swiper-slide\" href=\"https:\/\/aperegina.hu\/wp-content\/uploads\/2025\/11\/Ape-Regina_G04.jpg\"  data-sub-html=\"<span><\/span>\" data-category=\"1\"                  data-lg-size=\"800-800\"\n\n      >\n        <figure class=\"ee-gallery-item-figure\">\n                        <img loading=\"lazy\" decoding=\"async\" class=\"breakdance-image-object\" src=\"https:\/\/aperegina.hu\/wp-content\/uploads\/2025\/11\/Ape-Regina_G04.jpg\" width=\"800\" height=\"800\" srcset=\"https:\/\/aperegina.hu\/wp-content\/uploads\/2025\/11\/Ape-Regina_G04.jpg 800w, https:\/\/aperegina.hu\/wp-content\/uploads\/2025\/11\/Ape-Regina_G04-300x300.jpg 300w, https:\/\/aperegina.hu\/wp-content\/uploads\/2025\/11\/Ape-Regina_G04-150x150.jpg 150w, https:\/\/aperegina.hu\/wp-content\/uploads\/2025\/11\/Ape-Regina_G04-768x768.jpg 768w\" sizes=\"auto, (max-width: 800px) 100vw, 800px\">\n          \n                  <\/figure>\n      <\/a>\n\n                \n      <a class=\"ee-gallery-item ee-gallery-item--image ee-gallery-item--single swiper-slide\" href=\"https:\/\/aperegina.hu\/wp-content\/uploads\/2025\/11\/Ape-Regina_G06.jpg\"  data-sub-html=\"<span><\/span>\" data-category=\"1\"                  data-lg-size=\"800-800\"\n\n      >\n        <figure class=\"ee-gallery-item-figure\">\n                        <img loading=\"lazy\" decoding=\"async\" class=\"breakdance-image-object\" src=\"https:\/\/aperegina.hu\/wp-content\/uploads\/2025\/11\/Ape-Regina_G06.jpg\" width=\"800\" height=\"800\" srcset=\"https:\/\/aperegina.hu\/wp-content\/uploads\/2025\/11\/Ape-Regina_G06.jpg 800w, https:\/\/aperegina.hu\/wp-content\/uploads\/2025\/11\/Ape-Regina_G06-300x300.jpg 300w, https:\/\/aperegina.hu\/wp-content\/uploads\/2025\/11\/Ape-Regina_G06-150x150.jpg 150w, https:\/\/aperegina.hu\/wp-content\/uploads\/2025\/11\/Ape-Regina_G06-768x768.jpg 768w\" sizes=\"auto, (max-width: 800px) 100vw, 800px\">\n          \n                  <\/figure>\n      <\/a>\n\n                \n      <a class=\"ee-gallery-item ee-gallery-item--image ee-gallery-item--single swiper-slide\" href=\"https:\/\/aperegina.hu\/wp-content\/uploads\/2025\/11\/Ape-Regina_G01.jpg\"  data-sub-html=\"<span><\/span>\" data-category=\"1\"                  data-lg-size=\"800-800\"\n\n      >\n        <figure class=\"ee-gallery-item-figure\">\n                        <img loading=\"lazy\" decoding=\"async\" class=\"breakdance-image-object\" src=\"https:\/\/aperegina.hu\/wp-content\/uploads\/2025\/11\/Ape-Regina_G01.jpg\" width=\"800\" height=\"800\" srcset=\"https:\/\/aperegina.hu\/wp-content\/uploads\/2025\/11\/Ape-Regina_G01.jpg 800w, https:\/\/aperegina.hu\/wp-content\/uploads\/2025\/11\/Ape-Regina_G01-300x300.jpg 300w, https:\/\/aperegina.hu\/wp-content\/uploads\/2025\/11\/Ape-Regina_G01-150x150.jpg 150w, https:\/\/aperegina.hu\/wp-content\/uploads\/2025\/11\/Ape-Regina_G01-768x768.jpg 768w\" sizes=\"auto, (max-width: 800px) 100vw, 800px\">\n          \n                  <\/figure>\n      <\/a>\n\n      \n  <\/div>\n\n    <\/div>\n        \n            <div class=\"swiper-pagination\"><\/div>\n    \n  <\/div>\n\n\n<\/div><\/div>\n<\/section><section class=\"bde-section-6014-113 bde-section\">\n  \n  \n\t\n\n\n\n<div class=\"section-container\"><div class=\"bde-columns-6014-114 bde-columns\"><div class=\"bde-column-6014-115 bde-column\">\n  \n  \n\t\n\n\n\n<div class=\"bde-div-6014-116 bde-div\">\n  \n  \n\t\n\n\n\n<div class=\"bde-icon-list-6014-117 bde-icon-list\">\n<ul>\n  <\/ul>\n\n<\/div>\n<\/div><h2 class=\"bde-heading-6014-118 bde-heading\">\nApproach\n<\/h2><div class=\"bde-text-6014-119 bde-text\">\nBY PUBLIC TRANSPORT<br><br>Take metro line 3 or tram 4-6 to Nyugati Railway Station, from there walk 2 minutes towards Oktogon, turn right on the second side street.<br><br>BY CAR<br><br>From Nyugati Square, turn right on the 2nd side street towards Oktogon on Ter\u00e9z Boulevard.<br>(If you are coming from Oktogon, you cannot turn left on Ter\u00e9z Boulevard, but you can turn back on Nyugati Boulevard.)<br><br>If you are coming from Bajcsy Zsilinszky Street from De\u00e1k Square, continue to Nyugati Square, turn right there, then turn right on Ter\u00e9z Boulevard on the second side street.<br><br>PARKING<br><br>In the surrounding streets<br>(Paying zone between 08:00 and 22:00, 600 HUF \/ hour).<br>Parking zone code:<br>+36 20\/30\/70 763 3061\n<\/div>\n<\/div><div class=\"bde-column-6014-122 bde-column\">\n  \n  \n\t\n\n\n\n<img decoding=\"async\" class=\"bde-image2-6014-123 bde-image2\" src=\"https:\/\/aperegina.hu\/wp-content\/uploads\/2025\/11\/Ape-interior-683x1024-1.webp\" srcset=\"https:\/\/aperegina.hu\/wp-content\/uploads\/2025\/11\/Ape-interior-683x1024-1.webp 683w, https:\/\/aperegina.hu\/wp-content\/uploads\/2025\/11\/Ape-interior-683x1024-1-200x300.webp 200w\" sizes=\"(max-width: 683px) 100vw, 683px\">\n<\/div><\/div><\/div>\n<\/section><section class=\"bde-section-6014-125 bde-section\">\n  \n  \n\t\n\n\n\n<div class=\"section-container\"><div class=\"bde-google-map-6014-124 bde-google-map\">\r\n<iframe width=\"100%\" height=\"100%\" style=\"border:0\" loading=\"lazy\" title=\"Map\" src=\"https:\/\/maps.google.com\/maps?q=Ape+Regina+Italian+Restaurant&t=m&z=15&output=embed&iwloc=near\" allowfullscreen><\/iframe>\n<\/div><\/div>\n<\/section>","protected":false},"excerpt":{"rendered":"<p>Restaurant 1065 Budapest, Podmaniczky u. 18. fsz. (Podmaniczky \u2013 J\u00f3kai utca sarka) Opening hours Monday &#8211; Sunday12:00 &#8211; 24:00Kitchen opening hours12:00 &#8211; 23:00Our kitchen takes last orders until 22:45. Telephone +36 30 779 7545 Online info@aperegina.hu Approach BY PUBLIC TRANSPORTTake metro line 3 or tram 4-6 to Nyugati Railway Station, from there walk 2 minutes [&hellip;]<\/p>\n","protected":false},"author":3,"featured_media":0,"parent":0,"menu_order":0,"comment_status":"closed","ping_status":"closed","template":"","meta":{"_acf_changed":false,"_breakdance_hide_in_design_set":false,"_breakdance_tags":"","footnotes":""},"class_list":["post-6014","page","type-page","status-publish","hentry"],"acf":[],"yoast_head":"<!-- This site is optimized with the Yoast SEO Premium plugin v26.9 (Yoast SEO v26.9) - https:\/\/yoast.com\/product\/yoast-seo-premium-wordpress\/ -->\n<title>Contact - Ape Regina \u00c9tterem<\/title>\n<meta name=\"robots\" content=\"index, follow, max-snippet:-1, max-image-preview:large, max-video-preview:-1\" \/>\n<link rel=\"canonical\" href=\"https:\/\/aperegina.hu\/el\/contact\/\" \/>\n<meta property=\"og:locale\" content=\"el_GR\" \/>\n<meta property=\"og:type\" content=\"article\" \/>\n<meta property=\"og:title\" content=\"Contact\" \/>\n<meta property=\"og:description\" content=\"Restaurant 1065 Budapest, Podmaniczky u. 18. fsz. (Podmaniczky \u2013 J\u00f3kai utca sarka) Opening hours Monday - Sunday12:00 - 24:00Kitchen opening hours12:00 - 23:00Our kitchen takes last orders until 22:45. Telephone +36 30 779 7545 Online info@aperegina.hu Approach BY PUBLIC TRANSPORTTake metro line 3 or tram 4-6 to Nyugati Railway Station, from there walk 2 minutes [&hellip;]\" \/>\n<meta property=\"og:url\" content=\"https:\/\/aperegina.hu\/el\/contact\/\" \/>\n<meta property=\"og:site_name\" content=\"Ape Regina \u00c9tterem\" \/>\n<meta property=\"article:modified_time\" content=\"2026-03-27T11:17:44+00:00\" \/>\n<meta name=\"twitter:card\" content=\"summary_large_image\" \/>\n<meta name=\"twitter:label1\" content=\"\u0395\u03ba\u03c4\u03b9\u03bc\u03ce\u03bc\u03b5\u03bd\u03bf\u03c2 \u03c7\u03c1\u03cc\u03bd\u03bf\u03c2 \u03b1\u03bd\u03ac\u03b3\u03bd\u03c9\u03c3\u03b7\u03c2\" \/>\n\t<meta name=\"twitter:data1\" content=\"3 minutes\" \/>\n<script type=\"application\/ld+json\" class=\"yoast-schema-graph\">{\"@context\":\"https:\/\/schema.org\",\"@graph\":[{\"@type\":\"WebPage\",\"@id\":\"https:\/\/aperegina.hu\/el\/contact\/\",\"url\":\"https:\/\/aperegina.hu\/el\/contact\/\",\"name\":\"Contact - Ape Regina \u00c9tterem\",\"isPartOf\":{\"@id\":\"https:\/\/aperegina.hu\/#website\"},\"datePublished\":\"2025-11-27T11:52:10+00:00\",\"dateModified\":\"2026-03-27T11:17:44+00:00\",\"breadcrumb\":{\"@id\":\"https:\/\/aperegina.hu\/el\/contact\/#breadcrumb\"},\"inLanguage\":\"el\",\"potentialAction\":[{\"@type\":\"ReadAction\",\"target\":[\"https:\/\/aperegina.hu\/el\/contact\/\"]}]},{\"@type\":\"BreadcrumbList\",\"@id\":\"https:\/\/aperegina.hu\/el\/contact\/#breadcrumb\",\"itemListElement\":[{\"@type\":\"ListItem\",\"position\":1,\"name\":\"Kezd\u0151lap\",\"item\":\"https:\/\/aperegina.hu\/\"},{\"@type\":\"ListItem\",\"position\":2,\"name\":\"Contact\"}]},{\"@type\":\"WebSite\",\"@id\":\"https:\/\/aperegina.hu\/#website\",\"url\":\"https:\/\/aperegina.hu\/\",\"name\":\"Ape Regina \u00c9tterem\",\"description\":\"All you can eat olasz \u00e9tterem - Budapest\",\"potentialAction\":[{\"@type\":\"SearchAction\",\"target\":{\"@type\":\"EntryPoint\",\"urlTemplate\":\"https:\/\/aperegina.hu\/?s={search_term_string}\"},\"query-input\":{\"@type\":\"PropertyValueSpecification\",\"valueRequired\":true,\"valueName\":\"search_term_string\"}}],\"inLanguage\":\"el\"}]}<\/script>\n<!-- \/ Yoast SEO Premium plugin. -->","yoast_head_json":{"title":"Contact - Ape Regina \u00c9tterem","robots":{"index":"index","follow":"follow","max-snippet":"max-snippet:-1","max-image-preview":"max-image-preview:large","max-video-preview":"max-video-preview:-1"},"canonical":"https:\/\/aperegina.hu\/el\/contact\/","og_locale":"el_GR","og_type":"article","og_title":"Contact","og_description":"Restaurant 1065 Budapest, Podmaniczky u. 18. fsz. (Podmaniczky \u2013 J\u00f3kai utca sarka) Opening hours Monday - Sunday12:00 - 24:00Kitchen opening hours12:00 - 23:00Our kitchen takes last orders until 22:45. Telephone +36 30 779 7545 Online info@aperegina.hu Approach BY PUBLIC TRANSPORTTake metro line 3 or tram 4-6 to Nyugati Railway Station, from there walk 2 minutes [&hellip;]","og_url":"https:\/\/aperegina.hu\/el\/contact\/","og_site_name":"Ape Regina \u00c9tterem","article_modified_time":"2026-03-27T11:17:44+00:00","twitter_card":"summary_large_image","twitter_misc":{"\u0395\u03ba\u03c4\u03b9\u03bc\u03ce\u03bc\u03b5\u03bd\u03bf\u03c2 \u03c7\u03c1\u03cc\u03bd\u03bf\u03c2 \u03b1\u03bd\u03ac\u03b3\u03bd\u03c9\u03c3\u03b7\u03c2":"3 minutes"},"schema":{"@context":"https:\/\/schema.org","@graph":[{"@type":"WebPage","@id":"https:\/\/aperegina.hu\/el\/contact\/","url":"https:\/\/aperegina.hu\/el\/contact\/","name":"Contact - Ape Regina \u00c9tterem","isPartOf":{"@id":"https:\/\/aperegina.hu\/#website"},"datePublished":"2025-11-27T11:52:10+00:00","dateModified":"2026-03-27T11:17:44+00:00","breadcrumb":{"@id":"https:\/\/aperegina.hu\/el\/contact\/#breadcrumb"},"inLanguage":"el","potentialAction":[{"@type":"ReadAction","target":["https:\/\/aperegina.hu\/el\/contact\/"]}]},{"@type":"BreadcrumbList","@id":"https:\/\/aperegina.hu\/el\/contact\/#breadcrumb","itemListElement":[{"@type":"ListItem","position":1,"name":"Kezd\u0151lap","item":"https:\/\/aperegina.hu\/"},{"@type":"ListItem","position":2,"name":"Contact"}]},{"@type":"WebSite","@id":"https:\/\/aperegina.hu\/#website","url":"https:\/\/aperegina.hu\/","name":"Ape Regina \u00c9tterem","description":"All you can eat olasz \u00e9tterem - Budapest","potentialAction":[{"@type":"SearchAction","target":{"@type":"EntryPoint","urlTemplate":"https:\/\/aperegina.hu\/?s={search_term_string}"},"query-input":{"@type":"PropertyValueSpecification","valueRequired":true,"valueName":"search_term_string"}}],"inLanguage":"el"}]}},"_links":{"self":[{"href":"https:\/\/aperegina.hu\/el\/wp-json\/wp\/v2\/pages\/6014","targetHints":{"allow":["GET"]}}],"collection":[{"href":"https:\/\/aperegina.hu\/el\/wp-json\/wp\/v2\/pages"}],"about":[{"href":"https:\/\/aperegina.hu\/el\/wp-json\/wp\/v2\/types\/page"}],"author":[{"embeddable":true,"href":"https:\/\/aperegina.hu\/el\/wp-json\/wp\/v2\/users\/3"}],"replies":[{"embeddable":true,"href":"https:\/\/aperegina.hu\/el\/wp-json\/wp\/v2\/comments?post=6014"}],"version-history":[{"count":3,"href":"https:\/\/aperegina.hu\/el\/wp-json\/wp\/v2\/pages\/6014\/revisions"}],"predecessor-version":[{"id":10436,"href":"https:\/\/aperegina.hu\/el\/wp-json\/wp\/v2\/pages\/6014\/revisions\/10436"}],"wp:attachment":[{"href":"https:\/\/aperegina.hu\/el\/wp-json\/wp\/v2\/media?parent=6014"}],"curies":[{"name":"wp","href":"https:\/\/api.w.org\/{rel}","templated":true}]}}